{"id":467,"date":"2026-02-04T12:52:57","date_gmt":"2026-02-04T12:52:57","guid":{"rendered":"https:\/\/24laundry.com\/?page_id=467"},"modified":"2026-02-04T12:52:57","modified_gmt":"2026-02-04T12:52:57","slug":"kayttoehdot","status":"publish","type":"page","link":"https:\/\/24laundry.com\/kayttoehdot\/","title":{"rendered":"K\u00e4ytt\u00f6ehdot"},"content":{"rendered":"\n<p>P\u00e4ivitetty 4.2.2026<\/p>\n\n\n\n<p>Seuraavia tilaus-, sopimus- yleisi\u00e4 ehtoja (\u201dEhdot\u201d) sovelletaan 24 Laundryn (ShadowSales Oy, y-tunnus 3112975-5)&nbsp; ja sen asiakkaiden (\u201dAsiakas\u201d) v\u00e4lisess\u00e4 kauppa- ja tilaussuhteessa sek\u00e4 tuotteiden ja palveluiden k\u00e4yt\u00f6ss\u00e4. 24 Laundrylla on oikeus p\u00e4ivitt\u00e4\u00e4 n\u00e4it\u00e4 Ehtoja ilman ennakkoilmoitusta. Tilauksiin sovelletaan tilaushetkell\u00e4 voimassa olevia sopimusehtoja, jotka ovat luettavissa 24 Laundryn verkkosivuilta. 24 Laundryn k\u00e4ytt\u00e4mien palveluiden (mm. varaus- ja maksusovellusten) osalta sovelletaan my\u00f6s kyseisen palveluntarjoajan m\u00e4\u00e4rittelemi\u00e4 sopimusehtoja.<\/p>\n\n\n\n<p>24 Laundryn verkkokaupassa teht\u00e4vien ostosten osalta Asiakas velvoitetaan lataamaan maksuton Airwallet-sovellus ja luomaan k\u00e4ytt\u00f6\u00e4 varten asiakastili Airwallet-sovellukseen. Lataa sovellus puhelimeesi ennen verkkokaupassa teht\u00e4v\u00e4\u00e4 ostoa. Sovellus on ladattavissa laitteen sovelluskaupasta (Google Play, App Store tai AppGallery) ja siihen sovelletaan erillisi\u00e4 k\u00e4ytt\u00f6ehtoja, jotka Asiakas hyv\u00e4ksyy luodessaan asiakastilin. Airwallet-sovellus on ladattavissa iPhone 5s tai Android 4.4 tai niit\u00e4 uudempiin \u00e4lypuhelimiin. 24 Laundryn verkkokaupassa tehdyt ostokset liitet\u00e4\u00e4n Asiakkaan Airwallet-tiliin.<\/p>\n\n\n\n<p>Palvelun saatavuudessa voi esiinty\u00e4 tilap\u00e4isi\u00e4 katkoksia esimerkiksi p\u00e4ivitysten ja huoltot\u00f6iden vuoksi. 24 Laundry ei vastaa mahdollisissa katkoksissa. K\u00e4ytt\u00f6\u00f6n liittyviss\u00e4 ongelmatilanteissa Asiakkaan tulee olla&nbsp; yhteydess\u00e4 24 Laundryn asiakaspalveluun tilanteen ratkaisemiseksi.<\/p>\n\n\n\n<p>24 Laundry pid\u00e4tt\u00e4\u00e4 oikeuden kielt\u00e4yty\u00e4 myym\u00e4st\u00e4 tuotteitaan ja palveluitaan Asiakkaalle, joka on aiemmin toiminut 24 Laundryn Ehtojen vastaisesti.<\/p>\n\n\n\n<p>Asiakkuus- ja alennuskortit on tarkoitettu vain Asiakkaan henkil\u00f6kohtaiseen k\u00e4ytt\u00f6\u00f6n ja Asiakas on vastuussa siit\u00e4, ettei asiakkuus- tai alennuskorttia k\u00e4ytet\u00e4 Ehtojen vastaisesti. Yritysasiakas vastaa siit\u00e4, ett\u00e4 asiakkuus- tai alennuskorttia k\u00e4ytetaan vain Asiakkaan lukuun, eik\u00e4 sit\u00e4 ole lupa k\u00e4ytt\u00e4\u00e4 yrityksen ty\u00f6ntekij\u00f6iden tai muiden yksityisten henkil\u00f6iden henkil\u00f6kohtaiseen lukuun.<\/p>\n\n\n\n<p>Asiakkuus- tai alennuskorttia ei voida siirt\u00e4\u00e4 toiselle Asiakkaalle (henkil\u00f6 \/ yritys)&nbsp; kesken sopimuskauden, eik\u00e4 asiakkuus- tai alennuskorttia ole lupa vuokrata tai j\u00e4lleenmyyd\u00e4 kolmannelle osapuolelle. 24 Laundry pid\u00e4tt\u00e4\u00e4 oikeuden rajoittaa Asiakkaalta tuotteiden, palveluiden tai n\u00e4iden osien k\u00e4ytt\u00f6\u00e4, irtisanoa tilausjakso tai p\u00e4\u00e4tt\u00e4\u00e4 sopimus v\u00e4litt\u00f6m\u00e4sti, mik\u00e4li syntyy ep\u00e4ilys asiakkuus- tai alennuskorttien v\u00e4\u00e4rink\u00e4yt\u00f6st\u00e4 (esimerkiksi poikkeuksellinen k\u00e4ytt\u00f6m\u00e4\u00e4r\u00e4).<\/p>\n\n\n\n<p>Asiakkuus- ja alennuskortit ovat l\u00e4ht\u00f6kohtaisesti m\u00e4\u00e4r\u00e4aikaisia. M\u00e4\u00e4r\u00e4aika on voimassa sovitun ajan ja p\u00e4\u00e4ttyy automaattisesti sovitun ajan p\u00e4\u00e4ttyess\u00e4. M\u00e4\u00e4r\u00e4aikaista tilausta ei l\u00e4ht\u00f6kohtaisesti voi irtisanoa sovitun tilausjakson aikana. Mik\u00e4li Asiakkaan olosuhteet muuttuvat olennaisesti tavalla, jota h\u00e4n ei ole voinut ennakoida tilauksen tekohetkell\u00e4 ja olosuhdemuutoksen my\u00f6t\u00e4 24 Laundryn palveluiden hy\u00f6dynt\u00e4minen ei ole en\u00e4\u00e4 mahdollista, voi Asiakas irtisanoa m\u00e4\u00e4r\u00e4aikaisen sopimuksen kahden (2) kuukauden irtisanomisajalla. Asiakas vastaa siit\u00e4, ett\u00e4 pystyy esitt\u00e4m\u00e4\u00e4n tarvittavat todisteet edell\u00e4 mainitusta ennakoimattomasta olosuhdemuutoksesta. Asiakkaan on ilmoitettava irtisanomisesta 24 Laundryn asiakaspalveluun.<\/p>\n\n\n\n<p>Toistaiseksi voimassa olevien asiakkuus- ja alennuskorttien irtisanomisaika on yksi (1) kuukausi.<\/p>\n\n\n\n<p>Irtisanominen on l\u00e4ht\u00f6kohtaisesti sitova, eik\u00e4 sit\u00e4 voida peruuttaa.<\/p>\n\n\n\n<p>Kuluttaja-asiakkaalla on kuluttajasuojalain 6. luvun 14 \u00a7:n mukainen oikeus peruuttaa sopimus 14 p\u00e4iv\u00e4n kuluessa siit\u00e4, kun tilaus on tehty. Asiakkaan tulee lopettaa 24 Laundryn asiakkuus-\/alennuskortin k\u00e4ytt\u00f6 v\u00e4litt\u00f6m\u00e4sti k\u00e4ytetty\u00e4\u00e4n peruuttamisoikeuttaan.<\/p>\n\n\n\n<p>Vastaanotettuaan Asiakkaan peruuttamispyynn\u00f6n 24 Laundry l\u00e4hett\u00e4\u00e4 Asiakkaalle vahvistuksen sopimuksen p\u00e4\u00e4ttymisest\u00e4 sek\u00e4 sopimukseen liittyvien maksujen palautuksesta. 24 Laundrylla on oikeus peri\u00e4 Asiakkaalta listahintojen mukainen maksu silt\u00e4 osin, kuin Asiakas on ennen sopimuksen peruuttamista k\u00e4ytt\u00e4nyt 24 Laundryn tuotteita tai palveluita.<\/p>\n\n\n\n<p>24 Laundry ei vastaa Asiakkaalle tarjoamansa palvelun v\u00e4hentymisest\u00e4 tai rajoittumisesta, joka johtuu 24 Laundrysta riippumattomasta tapahtumasta tai jota 24 laundry ei ole voinut kohtuudella est\u00e4\u00e4 tai ennakoida mukaan lukien, mutta ei rajoittuen seuraaviin: pandemia, lakko, ty\u00f6taistelu, mellakka, hallituksen m\u00e4\u00e4r\u00e4ys tai asetus, terrorismi, tulva tai muu luonnonkatastrofi, mik\u00e4 tahansa toimitilassa tai toimitilojen sijaitsemassa rakennuksessa tapahtuva ennalta-arvaamaton vahinko (esim. vesivahinko tai tulipalo).<\/p>\n\n\n\n<p>Jos Asiakas toimii 24 Laundryn Ehtojen vastaisesti, 24 Laundrylla on oikeus rajoittaa Asiakkaalta tuotteiden, palveluiden tai n\u00e4iden osien k\u00e4ytt\u00f6\u00e4, irtisanoa tilausjakso tai p\u00e4\u00e4tt\u00e4\u00e4 sopimus v\u00e4litt\u00f6m\u00e4sti. Mik\u00e4li 24 Laundry rajoittaa Asiakkaan tuotteiden, palveluiden tai n\u00e4iden osien k\u00e4ytt\u00f6\u00e4, t\u00e4m\u00e4 ei poista Asiakkaan maksuvelvollisuutta ajalta, jolloin edell\u00e4 mainitut rajoitukset ovat voimassa. Mahdollisesti etuk\u00e4teen maksettuja sopimukseen tai tilaukseen perustuvia maksuja ei t\u00e4ll\u00f6in palauteta tai muulla tavoin hyvitet\u00e4.<\/p>\n\n\n\n<p>Jos Asiakas syyllistyy merkitt\u00e4v\u00e4\u00e4n Ehtojen rikkomiseen, 24 Laundrylla on oikeus p\u00e4\u00e4tt\u00e4\u00e4 asiakkuus ja katkaista Asiakkaan k\u00e4ytt\u00f6oikeus palveluihin v\u00e4litt\u00f6m\u00e4sti. Mahdollisesti etuk\u00e4teen maksettuja sopimukseen tai tilaukseen perustuvia maksuja ei t\u00e4ll\u00f6in palauteta tai muulla tavoin hyvitet\u00e4.<\/p>\n\n\n\n<p>Jos Asiakkaan Ehtojen rikkomuksesta aiheutuu vahinkoa 24 Laundrylle, on 24 Laundrylla oikeus vaatia Asiakkaalta aiheutunutta vahinkoa vastaavaa korvausta.<\/p>\n\n\n\n<p>Jos Asiakas katsoo, ett\u00e4 24 Laundrylta sopimuksen mukaisesti ostettu tuote tai palvelu on virheellinen, tulee Asiakkaan ilmoittaa virheelliseksi katsomastaan menettelyst\u00e4 kirjallisesti kohtuullisen ajan kuluessa siit\u00e4, kun h\u00e4n on havainnut virheen.<\/p>\n\n\n\n<p>Jos Asiakas katsoo, ett\u00e4 h\u00e4nen ostamansa tuote tai palvelu on virheellinen, mutta 24 Laundry ei ole samaa mielt\u00e4, osapuolilla on erimielisyys. Erimielisyydet pyrit\u00e4\u00e4n ensisijaisesti ratkaisemaan osapuolten v\u00e4lill\u00e4 neuvottelemalla. Kuluttaja-asiakkaalla on t\u00e4llaisessa tilanteessa oikeus k\u00e4\u00e4nty\u00e4 my\u00f6s kuluttajaneuvonnan puoleen ja saattaa t\u00e4m\u00e4n j\u00e4lkeen asia tarvittaessa kuluttajariitalautakunnan ratkaistavaksi.&nbsp; Kuluttajalla on my\u00f6s mahdollisuus saattaa erimielisyys k\u00e4sitelt\u00e4v\u00e4ksi EU-komission yll\u00e4pit\u00e4m\u00e4n verkkov\u00e4litteisen riidanratkaisualustan, ODR:n kautta. Osapuolet voivat my\u00f6s k\u00e4\u00e4nty\u00e4 yleisen tuomioistuimen puoleen, jos sopimuksesta aiheutuu riita jota osapuolet eiv\u00e4t ole pystyneet itse ratkaisemaan. Mik\u00e4li asia joudutaan viem\u00e4\u00e4n tuomioistuimen ratkaistavaksi, k\u00e4sitell\u00e4\u00e4n asia toimivaltaisessa k\u00e4r\u00e4j\u00e4oikeudessa.<\/p>\n","protected":false},"excerpt":{"rendered":"<p>P\u00e4ivitetty 4.2.2026 Seuraavia tilaus-, sopimus- yleisi\u00e4 ehtoja (\u201dEhdot\u201d) sovelletaan 24 Laundryn (ShadowSales Oy, y-tunnus 3112975-5)&nbsp; ja sen asiakkaiden (\u201dAsiakas\u201d) v\u00e4lisess\u00e4 kauppa- ja tilaussuhteessa sek\u00e4 tuotteiden ja palveluiden k\u00e4yt\u00f6ss\u00e4. 24 Laundrylla on oikeus p\u00e4ivitt\u00e4\u00e4 n\u00e4it\u00e4 Ehtoja ilman ennakkoilmoitusta. Tilauksiin sovelletaan tilaushetkell\u00e4 voimassa olevia sopimusehtoja, jotka ovat luettavissa 24 Laundryn verkkosivuilta. 24 Laundryn k\u00e4ytt\u00e4mien palveluiden (mm. varaus- [&hellip;]<\/p>\n","protected":false},"author":3,"featured_media":0,"parent":0,"menu_order":0,"comment_status":"closed","ping_status":"closed","template":"","meta":{"footnotes":""},"class_list":["post-467","page","type-page","status-publish","hentry"],"_links":{"self":[{"href":"https:\/\/24laundry.com\/wp-json\/wp\/v2\/pages\/467","targetHints":{"allow":["GET"]}}],"collection":[{"href":"https:\/\/24laundry.com\/wp-json\/wp\/v2\/pages"}],"about":[{"href":"https:\/\/24laundry.com\/wp-json\/wp\/v2\/types\/page"}],"author":[{"embeddable":true,"href":"https:\/\/24laundry.com\/wp-json\/wp\/v2\/users\/3"}],"replies":[{"embeddable":true,"href":"https:\/\/24laundry.com\/wp-json\/wp\/v2\/comments?post=467"}],"version-history":[{"count":1,"href":"https:\/\/24laundry.com\/wp-json\/wp\/v2\/pages\/467\/revisions"}],"predecessor-version":[{"id":468,"href":"https:\/\/24laundry.com\/wp-json\/wp\/v2\/pages\/467\/revisions\/468"}],"wp:attachment":[{"href":"https:\/\/24laundry.com\/wp-json\/wp\/v2\/media?parent=467"}],"curies":[{"name":"wp","href":"https:\/\/api.w.org\/{rel}","templated":true}]}}